{"id":6177,"date":"2023-05-31T11:09:42","date_gmt":"2023-05-31T09:09:42","guid":{"rendered":"https:\/\/vanderspek.be\/vente\/tweedehands\/"},"modified":"2025-05-07T12:36:38","modified_gmt":"2025-05-07T10:36:38","slug":"occasions","status":"publish","type":"page","link":"https:\/\/www.vanderspek.be\/fr\/vente\/occasions\/","title":{"rendered":"Occasions"},"content":{"rendered":"\t\t<div data-elementor-type=\"wp-page\" data-elementor-id=\"6177\" class=\"elementor elementor-6177 elementor-1106\" data-elementor-post-type=\"page\">\n\t\t\t\t<div class=\"elementor-element elementor-element-1c82cbc e-con-full e-flex e-con e-parent\" data-id=\"1c82cbc\" data-element_type=\"container\" data-e-type=\"container\">\n\t\t<div class=\"elementor-element elementor-element-79155b8 e-con-full container e-flex e-con e-child\" data-id=\"79155b8\" data-element_type=\"container\" data-e-type=\"container\">\n\t\t<div class=\"elementor-element elementor-element-0ea17ed e-flex e-con-boxed e-con e-child\" data-id=\"0ea17ed\" data-element_type=\"container\" data-e-type=\"container\">\n\t\t\t\t\t<div class=\"e-con-inner\">\n\t\t\t\t<div class=\"elementor-element elementor-element-4c7e887 elementor-invisible elementor-widget elementor-widget-image\" data-id=\"4c7e887\" data-element_type=\"widget\" data-e-type=\"widget\" data-settings=\"{&quot;_animation&quot;:&quot;fadeInLeft&quot;}\" data-widget_type=\"image.default\">\n\t\t\t\t<div class=\"elementor-widget-container\">\n\t\t\t\t\t\t\t\t\t\t\t\t\t\t\t<img fetchpriority=\"high\" decoding=\"async\" width=\"1024\" height=\"683\" src=\"https:\/\/www.vanderspek.be\/wp-content\/uploads\/2023\/08\/tweedehands-1024x683.jpg\" class=\"attachment-large size-large wp-image-5168\" alt=\"\" srcset=\"https:\/\/www.vanderspek.be\/wp-content\/uploads\/2023\/08\/tweedehands-1024x683.jpg 1024w, https:\/\/www.vanderspek.be\/wp-content\/uploads\/2023\/08\/tweedehands-300x200.jpg 300w, https:\/\/www.vanderspek.be\/wp-content\/uploads\/2023\/08\/tweedehands-768x512.jpg 768w, https:\/\/www.vanderspek.be\/wp-content\/uploads\/2023\/08\/tweedehands-1536x1024.jpg 1536w, https:\/\/www.vanderspek.be\/wp-content\/uploads\/2023\/08\/tweedehands-2048x1365.jpg 2048w\" sizes=\"(max-width: 1024px) 100vw, 1024px\" \/>\t\t\t\t\t\t\t\t\t\t\t\t\t\t\t<\/div>\n\t\t\t\t<\/div>\n\t\t\t\t\t<\/div>\n\t\t\t\t<\/div>\n\t\t<div class=\"elementor-element elementor-element-d5517b2 e-flex e-con-boxed elementor-invisible e-con e-child\" data-id=\"d5517b2\" data-element_type=\"container\" data-e-type=\"container\" data-settings=\"{&quot;animation&quot;:&quot;fadeInRight&quot;}\">\n\t\t\t\t\t<div class=\"e-con-inner\">\n\t\t\t\t<div class=\"elementor-element elementor-element-930c141 elementor-widget elementor-widget-heading\" data-id=\"930c141\" data-element_type=\"widget\" data-e-type=\"widget\" data-widget_type=\"heading.default\">\n\t\t\t\t<div class=\"elementor-widget-container\">\n\t\t\t\t\t<h1 class=\"elementor-heading-title elementor-size-default\">OCCASIONS<\/h1>\t\t\t\t<\/div>\n\t\t\t\t<\/div>\n\t\t\t\t<div class=\"elementor-element elementor-element-b64e45e elementor-widget elementor-widget-heading\" data-id=\"b64e45e\" data-element_type=\"widget\" data-e-type=\"widget\" data-widget_type=\"heading.default\">\n\t\t\t\t<div class=\"elementor-widget-container\">\n\t\t\t\t\t<h2 class=\"elementor-heading-title elementor-size-default\">Une seconde vie pour des machines d\u2019occasion<\/h2>\t\t\t\t<\/div>\n\t\t\t\t<\/div>\n\t\t\t\t<div class=\"elementor-element elementor-element-c2ea77c elementor-widget elementor-widget-text-editor\" data-id=\"c2ea77c\" data-element_type=\"widget\" data-e-type=\"widget\" data-widget_type=\"text-editor.default\">\n\t\t\t\t<div class=\"elementor-widget-container\">\n\t\t\t\t\t\t\t\t\t<p>Vous \u00eates \u00e0 la recherche d\u2019une machine d\u2019occasion : grue \u00e0 tour, engin de manutention ou autre ? Gr\u00e2ce \u00e0 notre service de maintenance, toutes nos machines de seconde main sont en parfait \u00e9tat de marche. L\u2019occasion de vous procurer une machine d\u2019occasion de qualit\u00e9 \u00e0 un prix imbattable.<\/p>\t\t\t\t\t\t\t\t<\/div>\n\t\t\t\t<\/div>\n\t\t\t\t<div class=\"elementor-element elementor-element-24e068a icon-black elementor-widget elementor-widget-button\" data-id=\"24e068a\" data-element_type=\"widget\" data-e-type=\"widget\" data-widget_type=\"button.default\">\n\t\t\t\t<div class=\"elementor-widget-container\">\n\t\t\t\t\t\t\t\t\t<div class=\"elementor-button-wrapper\">\n\t\t\t\t\t<a class=\"elementor-button elementor-button-link elementor-size-sm\" href=\"https:\/\/vanderspek.be\/fr\/contact\/\">\n\t\t\t\t\t\t<span class=\"elementor-button-content-wrapper\">\n\t\t\t\t\t\t<span class=\"elementor-button-icon\">\n\t\t\t\t<svg xmlns=\"http:\/\/www.w3.org\/2000\/svg\" xmlns:xlink=\"http:\/\/www.w3.org\/1999\/xlink\" id=\"Group_13\" x=\"0px\" y=\"0px\" viewBox=\"0 0 19.1 19.1\" style=\"enable-background:new 0 0 19.1 19.1;\" xml:space=\"preserve\"><style type=\"text\/css\">\t.st0{fill:#0090DF;}\t.st1{fill:none;}<\/style><path class=\"st0\" d=\"M9.6,18.5c-4.9,0-9-4-9-9c0-4.9,4-9,9-9c0,0,0,0,0,0c2.4,0,4.6,0.9,6.3,2.6c1.7,1.7,2.6,3.9,2.6,6.3v0  C18.5,14.5,14.5,18.5,9.6,18.5z M9.6,2.6C9.6,2.6,9.6,2.6,9.6,2.6c-3.8,0-7,3.1-7,7c0,3.8,3.1,7,7,7s7-3.1,7-7v0  c0-1.9-0.7-3.6-2-4.9C13.2,3.3,11.4,2.6,9.6,2.6z\"><\/path><path class=\"st0\" d=\"M13.7,9.9c0-0.1,0-0.2,0.1-0.3c0,0,0-0.1,0-0.1c0-0.1,0-0.1,0-0.2c0-0.1,0-0.1,0-0.2c-0.1-0.1-0.1-0.2-0.2-0.3  l-3.2-3.2c-0.4-0.4-1-0.4-1.4,0c-0.4,0.4-0.4,1,0,1.4l1.5,1.5h-4c-0.6,0-1,0.4-1,1s0.4,1,1,1h4L8.8,12c-0.4,0.4-0.4,1,0,1.4  c0.2,0.2,0.5,0.3,0.7,0.3s0.5-0.1,0.7-0.3l3.2-3.2c0,0,0,0,0,0C13.5,10.2,13.6,10.1,13.7,9.9z\"><\/path><path id=\"Path_24\" class=\"st1\" d=\"M0,0h19.1v19.1H0V0z\"><\/path><\/svg>\t\t\t<\/span>\n\t\t\t\t\t\t\t\t\t<span class=\"elementor-button-text\">Contactez-nous <\/span>\n\t\t\t\t\t<\/span>\n\t\t\t\t\t<\/a>\n\t\t\t\t<\/div>\n\t\t\t\t\t\t\t\t<\/div>\n\t\t\t\t<\/div>\n\t\t\t\t\t<\/div>\n\t\t\t\t<\/div>\n\t\t\t\t<\/div>\n\t\t\t\t<\/div>\n\t\t<div class=\"elementor-element elementor-element-27e95a8 e-con-full e-flex e-con e-parent\" data-id=\"27e95a8\" data-element_type=\"container\" data-e-type=\"container\">\n\t\t<div class=\"elementor-element elementor-element-f5bbcfe e-con-full container e-flex e-con e-child\" data-id=\"f5bbcfe\" data-element_type=\"container\" data-e-type=\"container\">\n\t\t\t\t<div class=\"elementor-element elementor-element-d851a21 elementor-widget elementor-widget-heading\" data-id=\"d851a21\" data-element_type=\"widget\" data-e-type=\"widget\" data-widget_type=\"heading.default\">\n\t\t\t\t<div class=\"elementor-widget-container\">\n\t\t\t\t\t<h2 class=\"elementor-heading-title elementor-size-default\">\u00c0 vendre<\/h2>\t\t\t\t<\/div>\n\t\t\t\t<\/div>\n\t\t\t\t<div class=\"elementor-element elementor-element-c4fe8bd elementor-widget elementor-widget-text-editor\" data-id=\"c4fe8bd\" data-element_type=\"widget\" data-e-type=\"widget\" data-widget_type=\"text-editor.default\">\n\t\t\t\t<div class=\"elementor-widget-container\">\n\t\t\t\t\t\t\t\t\t<p>Nous sommes \u00e0 votre dispositon pour r\u00e9pondre \u00e0 toutes vos demandes de grues \u00e0 tour, grues mobiles, machines de g\u00e9nie civil et de recyclage. Un besoin sp\u00e9cifique ? N\u2019h\u00e9sitez pas \u00e0 nous contacter.<\/p>\t\t\t\t\t\t\t\t<\/div>\n\t\t\t\t<\/div>\n\t\t\t\t<div class=\"elementor-element elementor-element-2536307 icon-black elementor-align-center elementor-widget elementor-widget-button\" data-id=\"2536307\" data-element_type=\"widget\" data-e-type=\"widget\" data-widget_type=\"button.default\">\n\t\t\t\t<div class=\"elementor-widget-container\">\n\t\t\t\t\t\t\t\t\t<div class=\"elementor-button-wrapper\">\n\t\t\t\t\t<a class=\"elementor-button elementor-button-link elementor-size-sm\" href=\"https:\/\/vanderspek.be\/fr\/contact\/\">\n\t\t\t\t\t\t<span class=\"elementor-button-content-wrapper\">\n\t\t\t\t\t\t<span class=\"elementor-button-icon\">\n\t\t\t\t<svg xmlns=\"http:\/\/www.w3.org\/2000\/svg\" xmlns:xlink=\"http:\/\/www.w3.org\/1999\/xlink\" id=\"Group_13\" x=\"0px\" y=\"0px\" viewBox=\"0 0 19.1 19.1\" style=\"enable-background:new 0 0 19.1 19.1;\" xml:space=\"preserve\"><style type=\"text\/css\">\t.st0{fill:#0090DF;}\t.st1{fill:none;}<\/style><path class=\"st0\" d=\"M9.6,18.5c-4.9,0-9-4-9-9c0-4.9,4-9,9-9c0,0,0,0,0,0c2.4,0,4.6,0.9,6.3,2.6c1.7,1.7,2.6,3.9,2.6,6.3v0  C18.5,14.5,14.5,18.5,9.6,18.5z M9.6,2.6C9.6,2.6,9.6,2.6,9.6,2.6c-3.8,0-7,3.1-7,7c0,3.8,3.1,7,7,7s7-3.1,7-7v0  c0-1.9-0.7-3.6-2-4.9C13.2,3.3,11.4,2.6,9.6,2.6z\"><\/path><path class=\"st0\" d=\"M13.7,9.9c0-0.1,0-0.2,0.1-0.3c0,0,0-0.1,0-0.1c0-0.1,0-0.1,0-0.2c0-0.1,0-0.1,0-0.2c-0.1-0.1-0.1-0.2-0.2-0.3  l-3.2-3.2c-0.4-0.4-1-0.4-1.4,0c-0.4,0.4-0.4,1,0,1.4l1.5,1.5h-4c-0.6,0-1,0.4-1,1s0.4,1,1,1h4L8.8,12c-0.4,0.4-0.4,1,0,1.4  c0.2,0.2,0.5,0.3,0.7,0.3s0.5-0.1,0.7-0.3l3.2-3.2c0,0,0,0,0,0C13.5,10.2,13.6,10.1,13.7,9.9z\"><\/path><path id=\"Path_24\" class=\"st1\" d=\"M0,0h19.1v19.1H0V0z\"><\/path><\/svg>\t\t\t<\/span>\n\t\t\t\t\t\t\t\t\t<span class=\"elementor-button-text\">Contactez-nous <\/span>\n\t\t\t\t\t<\/span>\n\t\t\t\t\t<\/a>\n\t\t\t\t<\/div>\n\t\t\t\t\t\t\t\t<\/div>\n\t\t\t\t<\/div>\n\t\t\t\t<\/div>\n\t\t\t\t<\/div>\n\t\t<div class=\"elementor-element elementor-element-79aa69b e-con-full e-flex e-con e-parent\" data-id=\"79aa69b\" data-element_type=\"container\" data-e-type=\"container\">\n\t\t<div class=\"elementor-element elementor-element-347122f e-con-full container e-flex e-con e-child\" data-id=\"347122f\" data-element_type=\"container\" data-e-type=\"container\">\n\t\t<div class=\"elementor-element elementor-element-a84f63c e-flex e-con-boxed elementor-invisible e-con e-child\" data-id=\"a84f63c\" data-element_type=\"container\" data-e-type=\"container\" data-settings=\"{&quot;animation&quot;:&quot;fadeInLeft&quot;}\">\n\t\t\t\t\t<div class=\"e-con-inner\">\n\t\t\t\t<div class=\"elementor-element elementor-element-4f2809a elementor-widget elementor-widget-heading\" data-id=\"4f2809a\" data-element_type=\"widget\" data-e-type=\"widget\" data-widget_type=\"heading.default\">\n\t\t\t\t<div class=\"elementor-widget-container\">\n\t\t\t\t\t<h2 class=\"elementor-heading-title elementor-size-default\">Une de nos machines vous int\u00e9resse ?<\/h2>\t\t\t\t<\/div>\n\t\t\t\t<\/div>\n\t\t\t\t<div class=\"elementor-element elementor-element-506ae36 icon-black elementor-widget elementor-widget-button\" data-id=\"506ae36\" data-element_type=\"widget\" data-e-type=\"widget\" data-widget_type=\"button.default\">\n\t\t\t\t<div class=\"elementor-widget-container\">\n\t\t\t\t\t\t\t\t\t<div class=\"elementor-button-wrapper\">\n\t\t\t\t\t<a class=\"elementor-button elementor-button-link elementor-size-sm\" href=\"https:\/\/vanderspek.be\/fr\/contact\/\">\n\t\t\t\t\t\t<span class=\"elementor-button-content-wrapper\">\n\t\t\t\t\t\t<span class=\"elementor-button-icon\">\n\t\t\t\t<svg xmlns=\"http:\/\/www.w3.org\/2000\/svg\" xmlns:xlink=\"http:\/\/www.w3.org\/1999\/xlink\" id=\"Group_13\" x=\"0px\" y=\"0px\" viewBox=\"0 0 19.1 19.1\" style=\"enable-background:new 0 0 19.1 19.1;\" xml:space=\"preserve\"><style type=\"text\/css\">\t.st0{fill:#0090DF;}\t.st1{fill:none;}<\/style><path class=\"st0\" d=\"M9.6,18.5c-4.9,0-9-4-9-9c0-4.9,4-9,9-9c0,0,0,0,0,0c2.4,0,4.6,0.9,6.3,2.6c1.7,1.7,2.6,3.9,2.6,6.3v0  C18.5,14.5,14.5,18.5,9.6,18.5z M9.6,2.6C9.6,2.6,9.6,2.6,9.6,2.6c-3.8,0-7,3.1-7,7c0,3.8,3.1,7,7,7s7-3.1,7-7v0  c0-1.9-0.7-3.6-2-4.9C13.2,3.3,11.4,2.6,9.6,2.6z\"><\/path><path class=\"st0\" d=\"M13.7,9.9c0-0.1,0-0.2,0.1-0.3c0,0,0-0.1,0-0.1c0-0.1,0-0.1,0-0.2c0-0.1,0-0.1,0-0.2c-0.1-0.1-0.1-0.2-0.2-0.3  l-3.2-3.2c-0.4-0.4-1-0.4-1.4,0c-0.4,0.4-0.4,1,0,1.4l1.5,1.5h-4c-0.6,0-1,0.4-1,1s0.4,1,1,1h4L8.8,12c-0.4,0.4-0.4,1,0,1.4  c0.2,0.2,0.5,0.3,0.7,0.3s0.5-0.1,0.7-0.3l3.2-3.2c0,0,0,0,0,0C13.5,10.2,13.6,10.1,13.7,9.9z\"><\/path><path id=\"Path_24\" class=\"st1\" d=\"M0,0h19.1v19.1H0V0z\"><\/path><\/svg>\t\t\t<\/span>\n\t\t\t\t\t\t\t\t\t<span class=\"elementor-button-text\">Contactez-nous <\/span>\n\t\t\t\t\t<\/span>\n\t\t\t\t\t<\/a>\n\t\t\t\t<\/div>\n\t\t\t\t\t\t\t\t<\/div>\n\t\t\t\t<\/div>\n\t\t\t\t\t<\/div>\n\t\t\t\t<\/div>\n\t\t<div class=\"elementor-element elementor-element-398bda4 e-flex e-con-boxed elementor-invisible e-con e-child\" data-id=\"398bda4\" data-element_type=\"container\" data-e-type=\"container\" data-settings=\"{&quot;animation&quot;:&quot;slideInUp&quot;}\">\n\t\t\t\t\t<div class=\"e-con-inner\">\n\t\t\t\t<div class=\"elementor-element elementor-element-47f6c45 elementor-widget elementor-widget-image\" data-id=\"47f6c45\" data-element_type=\"widget\" data-e-type=\"widget\" data-widget_type=\"image.default\">\n\t\t\t\t<div class=\"elementor-widget-container\">\n\t\t\t\t\t\t\t\t\t\t\t\t\t\t\t<img decoding=\"async\" width=\"1024\" height=\"538\" src=\"https:\/\/www.vanderspek.be\/wp-content\/uploads\/2023\/08\/interesse-tweedehands-1024x538.jpg\" class=\"attachment-large size-large wp-image-5216\" alt=\"\" srcset=\"https:\/\/www.vanderspek.be\/wp-content\/uploads\/2023\/08\/interesse-tweedehands-1024x538.jpg 1024w, https:\/\/www.vanderspek.be\/wp-content\/uploads\/2023\/08\/interesse-tweedehands-300x158.jpg 300w, https:\/\/www.vanderspek.be\/wp-content\/uploads\/2023\/08\/interesse-tweedehands-768x403.jpg 768w, https:\/\/www.vanderspek.be\/wp-content\/uploads\/2023\/08\/interesse-tweedehands.jpg 1200w\" sizes=\"(max-width: 1024px) 100vw, 1024px\" \/>\t\t\t\t\t\t\t\t\t\t\t\t\t\t\t<\/div>\n\t\t\t\t<\/div>\n\t\t\t\t\t<\/div>\n\t\t\t\t<\/div>\n\t\t\t\t<\/div>\n\t\t\t\t<\/div>\n\t\t\t\t<\/div>\n\t\t","protected":false},"excerpt":{"rendered":"<p>OCCASIONS Une seconde vie pour des machines d\u2019occasion Vous \u00eates \u00e0 la recherche d\u2019une machine d\u2019occasion : grue \u00e0 tour, engin de manutention ou autre ? Gr\u00e2ce \u00e0 notre service de maintenance, toutes nos machines de seconde main sont en parfait \u00e9tat de marche. L\u2019occasion de vous procurer une machine d\u2019occasion de qualit\u00e9 \u00e0 un [&hellip;]<\/p>\n","protected":false},"author":1,"featured_media":0,"parent":6155,"menu_order":57,"comment_status":"closed","ping_status":"closed","template":"","meta":{"_acf_changed":false,"footnotes":""},"class_list":["post-6177","page","type-page","status-publish","hentry"],"acf":[],"_links":{"self":[{"href":"https:\/\/www.vanderspek.be\/fr\/wp-json\/wp\/v2\/pages\/6177","targetHints":{"allow":["GET"]}}],"collection":[{"href":"https:\/\/www.vanderspek.be\/fr\/wp-json\/wp\/v2\/pages"}],"about":[{"href":"https:\/\/www.vanderspek.be\/fr\/wp-json\/wp\/v2\/types\/page"}],"author":[{"embeddable":true,"href":"https:\/\/www.vanderspek.be\/fr\/wp-json\/wp\/v2\/users\/1"}],"replies":[{"embeddable":true,"href":"https:\/\/www.vanderspek.be\/fr\/wp-json\/wp\/v2\/comments?post=6177"}],"version-history":[{"count":5,"href":"https:\/\/www.vanderspek.be\/fr\/wp-json\/wp\/v2\/pages\/6177\/revisions"}],"predecessor-version":[{"id":9091,"href":"https:\/\/www.vanderspek.be\/fr\/wp-json\/wp\/v2\/pages\/6177\/revisions\/9091"}],"up":[{"embeddable":true,"href":"https:\/\/www.vanderspek.be\/fr\/wp-json\/wp\/v2\/pages\/6155"}],"wp:attachment":[{"href":"https:\/\/www.vanderspek.be\/fr\/wp-json\/wp\/v2\/media?parent=6177"}],"curies":[{"name":"wp","href":"https:\/\/api.w.org\/{rel}","templated":true}]}}